{"id":3,"date":"2018-07-03T09:12:47","date_gmt":"2018-07-03T09:12:47","guid":{"rendered":"https:\/\/letjob.net\/?page_id=3"},"modified":"2022-03-16T14:30:58","modified_gmt":"2022-03-16T14:30:58","slug":"privacy-policy","status":"publish","type":"page","link":"https:\/\/letjob.net\/uk\/privacy-policy\/","title":{"rendered":"Z\u00e1sady ochrany osobn\u00edch \u00fadaj\u016f &#8211; GDPR"},"content":{"rendered":"<div class=\"vc_row wpb_row vc_row-fluid\" style=\"  \"><div class=\"wpb_column vc_column_container vc_col-sm-12\"><div class=\"vc_column-inner\" style=\"\"><div class=\"wpb_wrapper\">\n\t<div class=\"wpb_text_column wpb_content_element  text-block-align-left\"  style=\"\">\n\t\t<div class=\"wpb_wrapper\">\n\t\t\t<p>PODM\u00cdNKY POU\u017dIT\u00cd APLIKACE A PROHL\u00c1\u0160EN\u00cd O SPLN\u011aN\u00cd PODM\u00cdNEK NA\u0158\u00cdZEN\u00cd EU 2016\/679 GDPR Aplikace LetJob, LetJob.net od AG King s.r.o. <\/p>\n<p>1. \u00daVODN\u00cd USTANOVEN\u00cd<\/p>\n<p>1.1 Aplikace LetJob a letjob.net od spole\u010dnost AG King s.r.o., se s\u00eddlem Hradska 854, Zl\u00edn, PS\u010c 76001, I\u010cO 24263281, zapsan\u00e1 v obchodn\u00edm rejst\u0159\u00edku veden\u00e9m u M\u011bstsk\u00e9ho soudu v Brn\u011b odd\u00edl: C, vlo\u017eka: 82484 (\u201ed\u00e1le jen Provozovatel\u201c), vyd\u00e1v\u00e1 tyto V\u0161eobecn\u00e9 podm\u00ednky pro U\u017eivatele a Zprost\u0159edkovatele.<\/p>\n<p>1.2 Pr\u00e1va a povinnosti Provozovatele a U\u017eivatele, kter\u00e9 nejsou v\u00fdslovn\u011b upraveny t\u011bmito V\u0161eobecn\u00fdmi podm\u00ednkami, se \u0159\u00edd\u00ed ustanoven\u00edmi p\u0159\u00edslu\u0161n\u00fdch pr\u00e1vn\u00edch p\u0159edpis\u016f.<\/p>\n<p>1.3 Kontaktn\u00ed \u00fadaje jsou dostupn\u00e9 na https:\/\/www.letjob.net.<\/p>\n<p>2. POPIS SLU\u017dBY<\/p>\n<p>2.1 Slu\u017eba je poskytov\u00e1na spole\u010dnost\u00ed AG King prost\u0159ednictv\u00edm aplikace LetJob a letjob.net pomoc\u00ed kter\u00e9ho mohou zam\u011bstnavatel\u00e9, zprost\u0159edkovatel\u00e9 a dal\u0161\u00ed osoby (\u201ed\u00e1le jen Zam\u011bstnavatel\u00e9\u201d) zve\u0159ej\u0148ovat sv\u00e9 nab\u00eddky pr\u00e1ce a U\u017eivatel\u00e9 mohou na jednotliv\u00e9 nab\u00eddky pr\u00e1ce po registraci a vytvo\u0159en\u00ed profilu reagovat.<\/p>\n<p>2.2 Slu\u017eba je poskytov\u00e1na ze strany spole\u010dnostiAG Kingzdarma nestanov\u00ed-li tyto Produktov\u00e9 podm\u00ednky jinak.<\/p>\n<p>3. REGISTRACE U\u017dIVATELE<\/p>\n<p>3.1 U\u017eivatel\u00e9, kte\u0159\u00ed maj\u00ed z\u00e1jem o registraci, mohou registraci prov\u00e9st prost\u0159ednictv\u00edm registra\u010dn\u00edho formul\u00e1\u0159e dostupn\u00e9ho v r\u00e1mci aplikace LetJob, a to vypln\u011bn\u00edm pravdiv\u00fdch a bezchybn\u00fdch \u00fadaj\u016f o sv\u00e9 osob\u011b. Spr\u00e1vn\u00e9 zad\u00e1n\u00ed e-mailov\u00e9 adresy u\u017eivatele je nezbytn\u00e9 pro dokon\u010den\u00ed registrace do aplikace LetJob. Registrace U\u017eivatele je bezplatn\u00e1.<\/p>\n<p>3.2 Registrac\u00ed U\u017eivatele doch\u00e1z\u00ed k vytvo\u0159en\u00ed \u00da\u010dtu U\u017eivatele.<\/p>\n<p>3.3 U\u017eivatel m\u016f\u017ee sv\u016fj \u00da\u010det v aplikaci LetJobkdykoli bezplatn\u011b zru\u0161it\/zm\u011bnit prost\u0159ednictv\u00edm formul\u00e1\u0159e v nastaven\u00ed \u00da\u010dtu U\u017eivatele. Zru\u0161en\u00edm \u00da\u010dtu dojde k vymaz\u00e1n\u00ed ve\u0161ker\u00fdch vlo\u017een\u00fdch informac\u00ed \u010di dokument\u016f.<\/p>\n<p>3.4 U\u017eivatel nebude nikomu sd\u011blovat sv\u00e9 jedine\u010dn\u00e9 p\u0159ihla\u0161ovac\u00ed heslo pro p\u0159ihl\u00e1\u0161en\u00ed vytvo\u0159en\u00e9 p\u0159i registraci. V p\u0159\u00edpad\u011b ztr\u00e1ty hesla bude toto heslo obnoveno prost\u0159ednictv\u00edm po\u017eadavku U\u017eivatele zasl\u00e1n\u00edm odkazu k jeho obnoven\u00ed do e-mailu U\u017eivatele.<\/p>\n<p>3.5 Registrac\u00ed v aplikaci LetJob U\u017eivatel bez v\u00fdhrady souhlas\u00ed s t\u011bmito V\u0161eobecn\u00fdmi podm\u00ednkami pro u\u017eivatele<\/p>\n<p>4. POU\u017d\u00cdV\u00c1N\u00cd APLIKACE LETJOB<\/p>\n<p>4.1 Pou\u017e\u00edv\u00e1n\u00ed n\u011bkter\u00fdch Slu\u017eeb je U\u017eivatel\u016fm umo\u017en\u011bno pouze na z\u00e1klad\u011b \u00fasp\u011b\u0161n\u00e9 registrace. Takov\u00e9 Slu\u017eby jsou poskytov\u00e1ny ode dne registrace U\u017eivatele do aplikace LetJob po celou dobu existence \u00da\u010dtu, nejd\u00e9le v\u0161ak po dobu provozov\u00e1n\u00ed aplikace LetJob ze strany AG King.<\/p>\n<p>4.2 Po proveden\u00ed registrace bude U\u017eivateli automaticky vytvo\u0159en Profil U\u017eivatele za \u00fa\u010delem jeho prezentace potenci\u00e1ln\u00edm Zam\u011bstnavatel\u016fm. Profil se skl\u00e1d\u00e1 zejm\u00e9na ze z\u00e1kladn\u00edch \u00fadaj\u016f o U\u017eivateli, \u00fadaj\u016f o jeho praxi, vzd\u011bl\u00e1n\u00ed, kon\u00ed\u010dc\u00edch, jazykov\u00fdch schopnostech \u010di z\u00edskan\u00e9 praxi z kurz\u016f a \u0161kolen\u00ed. Profil U\u017eivatele nab\u00edz\u00ed i mo\u017enost nahr\u00e1n\u00ed \u017eivotopisu U\u017eivatele. Profil m\u00e1 potenci\u00e1ln\u00edm Zam\u011bstnavatel\u016fm poskytovat p\u0159ehled o nej\u010dast\u011bji popt\u00e1van\u00fdch informac\u00edch o U\u017eivateli.<\/p>\n<p>4.3 V p\u0159\u00edpad\u011b zad\u00e1n\u00ed \u00fadaj\u016f do Profilu U\u017eivatele v aplikaci LetJob budou tyto informace zaps\u00e1ny automaticky a zobrazeny dal\u0161\u00edm u\u017eivatel\u016fm v nejkrat\u0161\u00ed mo\u017en\u00e9 dob\u011b v z\u00e1vislosti na technick\u00fdch mo\u017enostech syst\u00e9mu.<\/p>\n<p>4.4 Na z\u00e1klad\u011b U\u017eivatelem vypln\u011bn\u00fdch \u00fadaj\u016f nebo jeho aktivity v r\u00e1mci aplikace LetJob je AG King opr\u00e1vn\u011bn U\u017eivateli zas\u00edlat ozn\u00e1men\u00ed a doporu\u010den\u00ed t\u00fdkaj\u00edc\u00ed se U\u017eivatelem preferovan\u00fdch pracovn\u00edch pozic.<\/p>\n<p>4.5 Provozovatel aplikace LetJob neodpov\u00edd\u00e1 za \u010dinnost U\u017eivatel\u016f aplikace LetJobani za zp\u016fsob jak\u00fdm aplikace LetJob vyu\u017e\u00edvaj\u00ed. Nenese tak\u00e9 \u017e\u00e1dnou odpov\u011bdnost za p\u0159\u00edpadn\u00e9 zneu\u017eit\u00ed slu\u017eeb aplikace U\u017eivateli \u010di t\u0159et\u00edmi osobami.<\/p>\n<p>4.6 Provozovatel nenese \u017e\u00e1dnou odpov\u011bdnost za \u0161kody, kter\u00e9 by u\u017eivateli nebo t\u0159et\u00edm osob\u00e1m p\u0159\u00edmo, nep\u0159\u00edmo \u010di n\u00e1hodn\u011b vznikly v d\u016fsledku nebo v souvislosti s vyu\u017e\u00edv\u00e1n\u00edm slu\u017eeb aplikace LetJob. Neodpov\u00edd\u00e1 za \u0161kody, kter\u00e9 by u\u017eivatel\u016fm nebo t\u0159et\u00edm osob\u00e1m vznikly v d\u016fsledku nemo\u017enosti vyu\u017e\u00edv\u00e1n\u00ed slu\u017eeb aplikace LetJob nebo v p\u0159\u00edm\u00e9 \u010di nep\u0159\u00edm\u00e9 souvislosti s touto skute\u010dnost\u00ed.<\/p>\n<p>4.7 U\u017eivatel odpov\u00edd\u00e1 za to, \u017ee obsahem inzer\u00e1tu a\/nebo fotografiemi \u010di jin\u00fdmi soubory p\u0159ipojen\u00fdmi k inzer\u00e1tu \u010di profilu nebudou dot\u010dena pr\u00e1va t\u0159et\u00edch osob. Provozovatel za z\u00e1sahy do pr\u00e1v t\u0159et\u00edch osob ze strany inzerenta neodpov\u00edd\u00e1.<\/p>\n<p>4.8 Provozovatel si vyhrazuje pr\u00e1vo prov\u00e9st nezbytn\u00e9 zm\u011bny v inzer\u00e1tu, inzer\u00e1t v\u016fbec nezve\u0159ejnit, p\u0159\u00edpadn\u011b inzer\u00e1t odstranit z nab\u00eddky, bude-li v rozporu s platn\u00fdmi z\u00e1kony \u010cesk\u00e9 republiky, podm\u00ednkami inzerce aplikace LetJob nebo dobr\u00fdmi mravy.<\/p>\n<p>4.9 Provozovatel m\u00e1 pr\u00e1vo smazat inzer\u00e1t, pokud je inzer\u00e1t vlo\u017een do nespr\u00e1vn\u00e9 sekce s ohledem na text inzer\u00e1tu nebo pokud inzer\u00e1t bud\u00ed dojem, \u017ee U\u017eivatelem je jin\u00e1 pr\u00e1vnick\u00e1 nebo fyzick\u00e1 osoba. Provozovatel m\u00e1 pr\u00e1vo smazat inzer\u00e1t i p\u0159i podez\u0159en\u00ed, \u017ee inzer\u00e1t odporuje podm\u00ednk\u00e1m aplikace LetJob.<\/p>\n<p>4.10 Provozovatel pouze zprost\u0159edkov\u00e1v\u00e1 kontakt mezi u\u017eivateli a nep\u0159eb\u00edr\u00e1 tak \u017e\u00e1dn\u00e9 z\u00e1ruky za proveden\u00e9 pr\u00e1ce, kvalitu, p\u016fvod, dod\u00e1n\u00ed nebo zaplacen\u00ed za pr\u00e1ci \u010di slu\u017eby.<\/p>\n<p>4.11 Provozovatel nenese zodpov\u011bdnost za zneu\u017eit\u00ed osobn\u00edch dat U\u017eivatele uveden\u00fdch v inzer\u00e1tu nebo v profilu u\u017eivatele, nebo z\u00edskan\u00fdch neleg\u00e1ln\u00edm proniknut\u00edm do syst\u00e9mu aplikace t\u0159et\u00ed osobou. U\u017eivatel souhlas\u00ed s anonymn\u00edm u\u017eit\u00edm registra\u010dn\u00edch a statistick\u00fdch \u00fadaj\u016f.<\/p>\n<p>4.12 Provozovatel neodpov\u00edd\u00e1 za \u010dinnost u\u017eivatel\u016f aplikace slu\u017eeb LetJob ani za zp\u016fsob jak\u00fdm aplikaci LetJob vyu\u017e\u00edvaj\u00ed. Nenese tak\u00e9 \u017e\u00e1dnou odpov\u011bdnost za p\u0159\u00edpadn\u00e9 zneu\u017eit\u00ed slu\u017eeb serveru u\u017eivateli \u010di t\u0159et\u00edmi osobami.<\/p>\n<p>4.13 Za obsah Inzer\u00e1tu odpov\u00edd\u00e1 U\u017eivatel. Provozovatel nenese \u017e\u00e1dnou odpov\u011bdnost za obsah Inzer\u00e1tu. U\u017eivatel je povinen p\u0159i zad\u00e1v\u00e1n\u00ed inzer\u00e1tu dodr\u017eovat tyto podm\u00ednky a p\u0159\u00edslu\u0161n\u00e9 pr\u00e1vn\u00ed p\u0159edpisy.<\/p>\n<p>4.14 Provozovatel je opr\u00e1vn\u011bn bez souhlasu U\u017eivatel\u016f, a i bez jejich p\u0159edchoz\u00edho ozn\u00e1men\u00ed slu\u017eby Serveru upravovat nebo inovovat.<\/p>\n<p>4.15 V aplikaci LetJob se zobrazuj\u00ed reklamy poskytovan\u00e9 t\u0159et\u00edmi stranami\/reklamn\u00edmi spole\u010dnostmi. Tyto spole\u010dnosti si vyhrazuj\u00ed pr\u00e1vo pou\u017e\u00edvat \u00fadaje (nikoli v\u0161ak jm\u00e9no, adresu, e-mailovou adresu a telefonn\u00ed \u010d\u00edslo) o va\u0161ich n\u00e1v\u0161t\u011bv\u00e1ch aplikace LetJob i o n\u00e1v\u0161t\u011bv\u00e1ch jin\u00fdch webov\u00fdch str\u00e1nek k poskytov\u00e1n\u00ed reklam na zbo\u017e\u00ed a slu\u017eby, kter\u00e9 v\u00e1s zaj\u00edmaj\u00ed.<\/p>\n<p>5. P\u0158EDPLATN\u00c9 APLIKACE LETJOB BEZ REKLAM<\/p>\n<p>5.1 Provozovatel nab\u00edz\u00ed placenou slu\u017ebu, kter\u00e1 U\u017eivateli vypne ve\u0161ker\u00e9 zobrazovan\u00e9 reklamy, kter\u00e9 jsou v aplikaci LetJob zobrazov\u00e1ny<\/p>\n<p>5.2 Slu\u017ebu si m\u016f\u017eete aktivovat po p\u0159ihl\u00e1\u0161en\u00ed v Nastaven\u00ed aplikace LetJob<\/p>\n<p>6. GDPR \u2013 ZPRACOV\u00c1N\u00cd OSOBN\u00cdCH \u00daDAJ\u016e<\/p>\n<p>6.1 Provozovatel postupuje p\u0159i zpracov\u00e1n\u00ed osobn\u00edch \u00fadaj\u016f v souladu s na\u0159\u00edzen\u00edm Evropsk\u00e9ho parlamentu a Rady (EU) \u010d. 2016\/679 o ochran\u011b fyzick\u00fdch osob v souvislosti se zpracov\u00e1n\u00edm osobn\u00edch \u00fadaj\u016f a o voln\u00e9m pohybu t\u011bchto \u00fadaj\u016f (obecn\u00e9 na\u0159\u00edzen\u00ed o ochran\u011b osobn\u00edch \u00fadaj\u016f), z\u00e1konem \u010d. 101\/2000 Sb., o ochran\u011b osobn\u00edch \u00fadaj\u016f a z\u00e1konem, kter\u00fd tento z\u00e1kon ve smyslu proveden\u00ed v\u00fd\u0161e uveden\u00e9ho na\u0159\u00edzen\u00ed nahrad\u00ed, z\u00e1konem \u010d. 480\/2004 b., o n\u011bkter\u00fdch slu\u017eb\u00e1ch informa\u010dn\u00ed spole\u010dnosti, z\u00e1konem \u010d. 127\/2005 Sb., o elektronick\u00fdch komunikac\u00edch a dal\u0161\u00edmi pr\u00e1vn\u00edmi p\u0159edpisy upravuj\u00edc\u00ed ochranu osobn\u00edch \u00fadaj\u016f.<br \/>\n6.2. Pro \u00fa\u010dely u\u017e\u00edv\u00e1n\u00ed aplikace LetJob mezi U\u017eivateli, zejm\u00e9na vkl\u00e1d\u00e1n\u00ed Inzer\u00e1t\u016f a zprost\u0159edkov\u00e1n\u00ed kontaktu mezi U\u017eivateli, je Provozovatel opr\u00e1vn\u011bn zpracov\u00e1vat osobn\u00ed \u00fadaje U\u017eivatel\u016f nebo osobn\u00ed \u00fadaje poskytnut\u00e9 \u010di zadan\u00e9 U\u017eivateli p\u0159i u\u017e\u00edv\u00e1n\u00ed aplikace LetJob.<br \/>\n6.3. Takov\u00e9 zpracov\u00e1n\u00ed osobn\u00edch \u00fadaj\u016f je z\u00e1konn\u00e9, jeliko\u017e je nezbytn\u00e9 pro spln\u011bn\u00ed smlouvy, na jej\u00edm\u017e z\u00e1klad\u011b U\u017eivatel\u00e9 u\u017e\u00edvaj\u00ed slu\u017eby aplikace LetJob, a jej\u00edch\u017e smluvn\u00ed stranou jsou U\u017eivatel\u00e9, jako subjekt osobn\u00edch \u00fadaj\u016f.<br \/>\n6.4. V konkr\u00e9tn\u00edch p\u0159\u00edpadech m\u016f\u017ee Provozovatel zpracov\u00e1vat osobn\u00ed \u00fadaje nad r\u00e1mec \u010dl. 2. a 3. Podm\u00ednek, pokud je takov\u00e9to zpracov\u00e1n\u00ed nezbytn\u00e9 pro \u00fa\u010dely opr\u00e1vn\u011bn\u00fdch z\u00e1jm\u016f Provozovatele nebo t\u0159et\u00edch osob, a to v\u017edy v souladu se z\u00e1konn\u00fdmi po\u017eadavky na zpracov\u00e1v\u00e1n\u00ed osobn\u00edch \u00fadaj\u016f.<br \/>\n6.5. U\u017eivatel souhlas\u00ed ve smyslu z\u00e1kona o n\u011bkter\u00fdch slu\u017eb\u00e1ch informa\u010dn\u00ed spole\u010dnosti s t\u00edm, \u017ee Provozovatel je opr\u00e1vn\u011bn zas\u00edlat U\u017eivateli zpr\u00e1vy, obsahuj\u00edc\u00ed informace o novink\u00e1ch, kter\u00e9 aplikace LetJob nab\u00edz\u00ed.<br \/>\n6.6. Ve\u0161ker\u00e9 informace o vkl\u00e1dan\u00fdch inzer\u00e1tech, emailech, telefonech jsou po p\u016fl roce od vlo\u017een\u00ed vymaz\u00e1ny. Platebn\u00ed \u00fadaje, faktury jsou archivov\u00e1ny po dobu t\u0159\u00ed let.<\/p>\n<p>7.Pou\u017e\u00edv\u00e1n\u00ed API<\/p>\n<p>7.1 API pro p\u0159\u00edm\u00e9 napojen\u00ed LetJob je mo\u017en\u00e9 pou\u017e\u00edvat pouze se souhlasem LetJob.net, v opa\u010dn\u00e9m p\u0159\u00edpad\u011b je aplikace nebo u\u017eivatel\u00e9 pou\u017e\u00edvaj\u00edc\u00ed takov\u00e9to aplikace blokov\u00e1ni. Za pou\u017e\u00edv\u00e1n\u00ed neofici\u00e1ln\u011b napojen\u00fdch aplikac\u00ed nenese LetJob \u017e\u00e1dnou odpov\u011bdnost (nenese odpov\u011bdnost za takto p\u0159ed\u00e1van\u00e9 osobn\u00ed \u00fadaje).<\/p>\n<p>8:Pou\u017e\u00edv\u00e1n\u00ed neofici\u00e1ln\u00edch aplikac\u00ed, kter\u00e9 nemaj\u00ed povolen\u00ed od LetJob.net<\/p>\n<p>8.1Vyu\u017e\u00edv\u00e1n\u00ed neofici\u00e1ln\u00edch aplikac\u00ed (app pro Android, IOS, Windows), kter\u00e9 maj\u00ed za \u00fa\u010del zobrazovat inzer\u00e1ty obdobn\u011b jako webov\u00fd prohl\u00ed\u017ee\u010d nebo maj\u00ed za \u00fa\u010del funkci p\u0159id\u00e1v\u00e1n\u00ed inzer\u00e1t\u016f je v rozporu s pou\u017e\u00edv\u00e1n\u00edm webu a na\u0161eho API.<\/p>\n<p>9. Z\u00c1V\u011aRE\u010cN\u00c1 USTANOVEN\u00cd<\/p>\n<p>9.1 Tyto Produktov\u00e9 podm\u00ednky jsou platn\u00e9 a \u00fa\u010dinn\u00e9 od 1. 12. 2021.<\/p>\n<p>9.2 Provozovatel si vyhrazuje pr\u00e1vo v\u0161eobecn\u00e9 podm\u00ednky pro U\u017eivatele m\u011bnit<\/p>\n\n\t\t<\/div>\n\t<\/div>\n<\/div><\/div><\/div><\/div>","protected":false},"excerpt":{"rendered":"PODM\u00cdNKY POU\u017dIT\u00cd APLIKACE A PROHL\u00c1\u0160EN\u00cd O SPLN\u011aN\u00cd PODM\u00cdNEK NA\u0158\u00cdZEN\u00cd EU 2016\/679 GDPR Aplikace LetJob, LetJob.net od AG King s.r.o. 1. \u00daVODN\u00cd USTANOVEN\u00cd 1.1 Aplikace LetJob a letjob.net od spole\u010dnost AG King s.r.o., se s\u00eddlem Hradska 854, Zl\u00edn, PS\u010c 76001, I\u010cO 24263281, zapsan\u00e1 v obchodn\u00edm rejst\u0159\u00edku veden\u00e9m u M\u011bstsk\u00e9ho soudu v Brn\u011b odd\u00edl: C, vlo\u017eka: 82484 [...]","protected":false},"author":1,"featured_media":0,"parent":0,"menu_order":0,"comment_status":"closed","ping_status":"closed","template":"template-landing.php","meta":[],"acf":[],"_links":{"self":[{"href":"https:\/\/letjob.net\/uk\/wp-json\/wp\/v2\/pages\/3"}],"collection":[{"href":"https:\/\/letjob.net\/uk\/wp-json\/wp\/v2\/pages"}],"about":[{"href":"https:\/\/letjob.net\/uk\/wp-json\/wp\/v2\/types\/page"}],"author":[{"embeddable":true,"href":"https:\/\/letjob.net\/uk\/wp-json\/wp\/v2\/users\/1"}],"replies":[{"embeddable":true,"href":"https:\/\/letjob.net\/uk\/wp-json\/wp\/v2\/comments?post=3"}],"version-history":[{"count":14,"href":"https:\/\/letjob.net\/uk\/wp-json\/wp\/v2\/pages\/3\/revisions"}],"predecessor-version":[{"id":2289,"href":"https:\/\/letjob.net\/uk\/wp-json\/wp\/v2\/pages\/3\/revisions\/2289"}],"wp:attachment":[{"href":"https:\/\/letjob.net\/uk\/wp-json\/wp\/v2\/media?parent=3"}],"curies":[{"name":"wp","href":"https:\/\/api.w.org\/{rel}","templated":true}]}}