{"id":2298,"date":"2022-05-29T11:00:17","date_gmt":"2022-05-29T11:00:17","guid":{"rendered":"https:\/\/letjob.net\/?page_id=2298"},"modified":"2022-06-10T09:57:47","modified_gmt":"2022-06-10T09:57:47","slug":"cenik","status":"publish","type":"page","link":"https:\/\/letjob.net\/uk\/cenik\/","title":{"rendered":"Cen\u00edk slu\u017eeb Aplikace LetJob"},"content":{"rendered":"<div class=\"vc_row wpb_row vc_row-fluid\" style=\"  \"><div class=\"wpb_column vc_column_container vc_col-sm-3\"><div class=\"vc_column-inner\" style=\"\"><div class=\"wpb_wrapper\"><\/div><\/div><\/div><div class=\"wpb_column vc_column_container vc_col-sm-6\"><div class=\"vc_column-inner\" style=\"\"><div class=\"wpb_wrapper\"><div class=\"vc_separator wpb_content_element vc_separator_align_center vc_sep_width_100 vc_sep_border_width_2 vc_sep_pos_align_center vc_separator_no_text vc_sep_color_grey\" ><span class=\"vc_sep_holder vc_sep_holder_l\"><span  class=\"vc_sep_line\"><\/span><\/span><span class=\"vc_sep_holder vc_sep_holder_r\"><span  class=\"vc_sep_line\"><\/span><\/span>\n<\/div><h5 style=\"text-align: left\" class=\"h vc_custom_heading h-weight- tal\" ><span>Odebr\u00e1n\u00ed reklam 129,99K\u010d<\/span><\/h5><p style=\"text-align: left\" class=\"h vc_custom_heading h-weight- tal\" ><span>Odebere ve\u0161ker\u00e9 reklamy, kter\u00e9 se V\u00e1m zobrazuj\u00ed v Aplikaci LetJob.<\/span><\/p><div class=\"vc_empty_space\"   style=\"height: 32px\"><span class=\"vc_empty_space_inner\"><\/span><\/div><div class=\"vc_separator wpb_content_element vc_separator_align_center vc_sep_width_100 vc_sep_border_width_2 vc_sep_pos_align_center vc_separator_no_text vc_sep_color_grey\" ><span class=\"vc_sep_holder vc_sep_holder_l\"><span  class=\"vc_sep_line\"><\/span><\/span><span class=\"vc_sep_holder vc_sep_holder_r\"><span  class=\"vc_sep_line\"><\/span><\/span>\n<\/div><h5 style=\"text-align: left\" class=\"h vc_custom_heading h-weight- tal\" ><span>Zv\u00fdrazn\u011bn\u00ed a posunut\u00ed inzer\u00e1tu 29,99K\u010d<\/span><\/h5><p style=\"text-align: left\" class=\"h vc_custom_heading h-weight- tal\" ><span>Zv\u00fdrazn\u00ed V\u00e1\u0161 inzer\u00e1t a posune jej na zv\u00fdhodn\u011bnou pozici na 10dn\u00ed. Automaticky se prodlou\u017e\u00ed dobu zobrazov\u00e1n\u00ed Va\u0161eho inzer\u00e1tu na 30dn\u00ed.<\/span><\/p><div class=\"vc_empty_space\"   style=\"height: 32px\"><span class=\"vc_empty_space_inner\"><\/span><\/div><div class=\"vc_separator wpb_content_element vc_separator_align_center vc_sep_width_100 vc_sep_border_width_2 vc_sep_pos_align_center vc_separator_no_text vc_sep_color_grey\" ><span class=\"vc_sep_holder vc_sep_holder_l\"><span  class=\"vc_sep_line\"><\/span><\/span><span class=\"vc_sep_holder vc_sep_holder_r\"><span  class=\"vc_sep_line\"><\/span><\/span>\n<\/div><h5 style=\"text-align: left\" class=\"h vc_custom_heading h-weight- tal\" ><span>Prodlou\u017een\u00ed platnosti inzer\u00e1tu 19,99K\u010d<\/span><\/h5><p style=\"text-align: left\" class=\"h vc_custom_heading h-weight- tal\" ><span>Prodlou\u017e\u00ed dobu od okam\u017eiku zv\u00fdhodn\u011bn\u00ed po kterou se bude zobrazovat V\u00e1\u0161 inzer\u00e1t v Aplikaci LetJob na 30dn\u00ed.<\/span><\/p><div class=\"vc_empty_space\"   style=\"height: 32px\"><span class=\"vc_empty_space_inner\"><\/span><\/div><div class=\"vc_separator wpb_content_element vc_separator_align_center vc_sep_width_100 vc_sep_border_width_2 vc_sep_pos_align_center vc_separator_no_text vc_sep_color_grey\" ><span class=\"vc_sep_holder vc_sep_holder_l\"><span  class=\"vc_sep_line\"><\/span><\/span><span class=\"vc_sep_holder vc_sep_holder_r\"><span  class=\"vc_sep_line\"><\/span><\/span>\n<\/div>\n\t<div class=\"wpb_text_column wpb_content_element  text-block-align-left\"  style=\"\">\n\t\t<div class=\"wpb_wrapper\">\n\t\t\t<p>Dal\u0161\u00ed informace najdete ve <a href=\"https:\/\/letjob.net\/uk\/terms-of-service\/\">Smluvn\u00edch podm\u00ednk\u00e1ch<\/a>.<\/p>\n\n\t\t<\/div>\n\t<\/div>\n<\/div><\/div><\/div><div class=\"wpb_column vc_column_container vc_col-sm-3\"><div class=\"vc_column-inner\" style=\"\"><div class=\"wpb_wrapper\"><\/div><\/div><\/div><\/div>","protected":false},"excerpt":{"rendered":"Odebr\u00e1n\u00ed reklam 129,99K\u010dOdebere ve\u0161ker\u00e9 reklamy, kter\u00e9 se V\u00e1m zobrazuj\u00ed v Aplikaci LetJob. Zv\u00fdrazn\u011bn\u00ed a posunut\u00ed inzer\u00e1tu 29,99K\u010dZv\u00fdrazn\u00ed V\u00e1\u0161 inzer\u00e1t a posune jej na zv\u00fdhodn\u011bnou pozici na 10dn\u00ed. Automaticky se prodlou\u017e\u00ed dobu zobrazov\u00e1n\u00ed Va\u0161eho inzer\u00e1tu na 30dn\u00ed. Prodlou\u017een\u00ed platnosti inzer\u00e1tu 19,99K\u010dProdlou\u017e\u00ed dobu od okam\u017eiku zv\u00fdhodn\u011bn\u00ed po kterou se bude zobrazovat V\u00e1\u0161 inzer\u00e1t v Aplikaci LetJob na [...]","protected":false},"author":3,"featured_media":0,"parent":0,"menu_order":0,"comment_status":"closed","ping_status":"closed","template":"","meta":[],"acf":[],"_links":{"self":[{"href":"https:\/\/letjob.net\/uk\/wp-json\/wp\/v2\/pages\/2298"}],"collection":[{"href":"https:\/\/letjob.net\/uk\/wp-json\/wp\/v2\/pages"}],"about":[{"href":"https:\/\/letjob.net\/uk\/wp-json\/wp\/v2\/types\/page"}],"author":[{"embeddable":true,"href":"https:\/\/letjob.net\/uk\/wp-json\/wp\/v2\/users\/3"}],"replies":[{"embeddable":true,"href":"https:\/\/letjob.net\/uk\/wp-json\/wp\/v2\/comments?post=2298"}],"version-history":[{"count":23,"href":"https:\/\/letjob.net\/uk\/wp-json\/wp\/v2\/pages\/2298\/revisions"}],"predecessor-version":[{"id":2334,"href":"https:\/\/letjob.net\/uk\/wp-json\/wp\/v2\/pages\/2298\/revisions\/2334"}],"wp:attachment":[{"href":"https:\/\/letjob.net\/uk\/wp-json\/wp\/v2\/media?parent=2298"}],"curies":[{"name":"wp","href":"https:\/\/api.w.org\/{rel}","templated":true}]}}