{"id":2258,"date":"2022-03-15T19:28:19","date_gmt":"2022-03-15T19:28:19","guid":{"rendered":"https:\/\/letjob.net\/?page_id=2258"},"modified":"2022-03-15T21:45:43","modified_gmt":"2022-03-15T21:45:43","slug":"open-testing","status":"publish","type":"page","link":"https:\/\/letjob.net\/uk\/open-testing\/","title":{"rendered":"Otev\u0159en\u00e9 testov\u00e1n\u00ed aplikace LetJob"},"content":{"rendered":"<p>Otev\u0159en\u00e9 testov\u00e1n\u00ed m\u016f\u017ee obsahovat chyby a potencion\u00e1ln\u00ed p\u00e1dy aplikace. Tester pod\u00edlej\u00edc\u00ed se na testov\u00e1n\u00ed dobrovoln\u011b prohla\u0161uje, \u017ee bude testovat aplikaci podle sv\u00e9 v\u016fle a uv\u00e1\u017een\u00ed a to bez n\u00e1roku na jakoukoliv odm\u011bnu.<\/p>\n\n\n\n<p>Testov\u00e1n\u00ed je dostupn\u00e9 platform\u00e1ch iOS\/iPadOS, Android a MacOS s \u010dipem M1 a nov\u011bj\u0161\u00edm.<\/p>\n\n\n\n<h2>Na za\u0159\u00edzen\u00ed s iOS<\/h2>\n\n\n\n<p><strong>Nutn\u00e9 po\u017eadavky:<\/strong><\/p>\n\n\n\n<ul><li>iOS, iPadOS nebo MacOS <em>(s procesorem Apple M1, M1 Pro, M1 Max, M1 Ultra nebo nov\u011bj\u0161\u00ed)<\/em>.<\/li><li>Nainstalov\u00e1n\u00ed aplikace <a href=\"https:\/\/apps.apple.com\/us\/app\/testflight\/id899247664\">TestFlight z AppStore<\/a>.<\/li><li>Zp\u011btn\u00e1 vazba bude pou\u017eita k vylep\u0161en\u00ed aplikace.<\/li><li>Kliknout na tla\u010d\u00edtko n\u00ed\u017ee.<\/li><\/ul>\n\n\n\n<div class=\"wp-block-buttons\">\n<div class=\"wp-block-button is-style-fill\"><a class=\"wp-block-button__link\" href=\"https:\/\/testflight.apple.com\/join\/5WWtPz5q\" target=\"_blank\" rel=\"noreferrer noopener\">Chci se pod\u00edlet na testov\u00e1n\u00ed iOS verze aplikace<\/a><\/div>\n<\/div>\n\n\n\n<p><strong>Zp\u011btn\u00e1 vazba na za\u0159\u00edzen\u00ed s iOS a nainstalovanou aplikac\u00ed LetJob skrze aplikaci TestFlight:<\/strong><\/p>\n\n\n\n<ul><li>Vytv\u00e1\u0159et screenshoty aplikace a ty popsat, ozna\u010dit nebo jinak specifikovat probl\u00e9m.<\/li><li>Screenshoty vytvo\u0159en\u00e9 v aplikaci lze sd\u00edlet pomoc\u00ed metody &#8220;Sd\u00edlet odezvu na betaverzi&#8221; v nab\u00eddce sd\u00edlen\u00ed screenshotu\/\u016f.<\/li><\/ul>\n\n\n\n<h3>Jak testovat a poskytnout zp\u011btnou vazbu<\/h3>\n\n\n\n<p>V\u017edy lze poskytnout v\u00edce screenshot\u016f nar\u00e1z a u ka\u017ed\u00e9ho screenshotu i popis. Lze zaslat i zp\u011btnou vazbu bez screenshotu formou textov\u00e9 zp\u011btn\u00e9 vazby.<\/p>\n\n\n\n<figure class=\"wp-block-gallery columns-2 is-cropped\"><ul class=\"blocks-gallery-grid\"><li class=\"blocks-gallery-item\"><figure><img loading=\"lazy\" width=\"473\" height=\"1024\" src=\"https:\/\/letjob.net\/wp-content\/uploads\/2022\/03\/testflight-report-instant-473x1024.png\" alt=\"\" data-id=\"2269\" data-full-url=\"https:\/\/letjob.net\/wp-content\/uploads\/2022\/03\/testflight-report-instant.png\" data-link=\"https:\/\/letjob.net\/open-testing\/attachment\/testflight-report-instant\/\" class=\"wp-image-2269\" srcset=\"https:\/\/letjob.net\/wp-content\/uploads\/2022\/03\/testflight-report-instant-473x1024.png 473w, https:\/\/letjob.net\/wp-content\/uploads\/2022\/03\/testflight-report-instant-139x300.png 139w, https:\/\/letjob.net\/wp-content\/uploads\/2022\/03\/testflight-report-instant-768x1662.png 768w, https:\/\/letjob.net\/wp-content\/uploads\/2022\/03\/testflight-report-instant-710x1536.png 710w, https:\/\/letjob.net\/wp-content\/uploads\/2022\/03\/testflight-report-instant-6x12.png 6w, https:\/\/letjob.net\/wp-content\/uploads\/2022\/03\/testflight-report-instant.png 828w\" sizes=\"(max-width: 473px) 100vw, 473px\" \/><\/figure><\/li><li class=\"blocks-gallery-item\"><figure><img loading=\"lazy\" width=\"473\" height=\"1024\" src=\"https:\/\/letjob.net\/wp-content\/uploads\/2022\/03\/testflight-send-report-473x1024.png\" alt=\"\" data-id=\"2270\" data-full-url=\"https:\/\/letjob.net\/wp-content\/uploads\/2022\/03\/testflight-send-report.png\" data-link=\"https:\/\/letjob.net\/open-testing\/attachment\/testflight-send-report\/\" class=\"wp-image-2270\" srcset=\"https:\/\/letjob.net\/wp-content\/uploads\/2022\/03\/testflight-send-report-473x1024.png 473w, https:\/\/letjob.net\/wp-content\/uploads\/2022\/03\/testflight-send-report-139x300.png 139w, https:\/\/letjob.net\/wp-content\/uploads\/2022\/03\/testflight-send-report-768x1662.png 768w, https:\/\/letjob.net\/wp-content\/uploads\/2022\/03\/testflight-send-report-710x1536.png 710w, https:\/\/letjob.net\/wp-content\/uploads\/2022\/03\/testflight-send-report-6x12.png 6w, https:\/\/letjob.net\/wp-content\/uploads\/2022\/03\/testflight-send-report.png 828w\" sizes=\"(max-width: 473px) 100vw, 473px\" \/><\/figure><\/li><\/ul><\/figure>\n\n\n\n<h2>Na za\u0159\u00edzen\u00ed s Android<\/h2>\n\n\n\n<p><strong>Nutn\u00e9 po\u017eadavky:<\/strong><\/p>\n\n\n\n<ul><li>Za\u0159\u00edzen\u00ed s OS Android.<\/li><li>Zp\u011btn\u00e1 vazba bude pou\u017eita k vylep\u0161en\u00ed aplikace.<\/li><li>Kliknout na tla\u010d\u00edtko n\u00ed\u017ee.<\/li><\/ul>\n\n\n\n<div class=\"wp-block-buttons\">\n<div class=\"wp-block-button\"><a class=\"wp-block-button__link\" href=\"https:\/\/play.google.com\/store\/apps\/details?id=net.letjob.app\" target=\"_blank\" rel=\"noreferrer noopener\">Chci se pod\u00edlet na testov\u00e1n\u00ed Android verze aplikace<\/a><\/div>\n\n\n\n<div class=\"wp-block-button\"><a class=\"wp-block-button__link\" href=\"https:\/\/play.google.com\/apps\/testing\/net.letjob.app\" target=\"_blank\" rel=\"noreferrer noopener\">Chci se pod\u00edlet na testov\u00e1n\u00ed Android verze aplikace a p\u0159ihl\u00e1sit se na webu<\/a><\/div>\n<\/div>\n\n\n\n<p><strong>Zp\u011btn\u00e1 vazba na za\u0159\u00edzen\u00ed s iOS a nainstalovanou aplikac\u00ed LetJob skrze aplikaci TestFlight:<\/strong><\/p>\n\n\n\n<ul><li>Vytv\u00e1\u0159et screenshoty aplikace a ty popsat, ozna\u010dit nebo jinak specifikovat probl\u00e9m.<\/li><\/ul>\n\n\n\n<ol><li>Otev\u0159ete Obchod Play\u00a0<img loading=\"lazy\" width=\"18\" height=\"18\" src=\"https:\/\/lh3.googleusercontent.com\/7R1uFoIRzvb36XFP28r43j53tmk94Y0IfBNNOeIqlvtAvVlzxobBCxFku2aHloYYoR4=w36-h36\" alt=\"Google Play\">.<\/li><li>Vpravo naho\u0159e klepn\u011bte na ikonu profilu.<\/li><li>Klepn\u011bte na\u00a0<strong>Spravovat aplikace a\u00a0za\u0159\u00edzen\u00ed<\/strong>\u00a0<img loading=\"lazy\" width=\"18\" height=\"18\" src=\"https:\/\/lh3.googleusercontent.com\/3_l97rr0GvhSP2XV5OoCkV2ZDTIisAOczrSdzNCBxhIKWrjXjHucxNwocghoUa39gw=w36-h36\" alt=\"a\u00a0pak\">\u00a0<strong>Beta<\/strong>. <em>(v n\u011bkter\u00fdch verz\u00edch Obchod Play se p\u00ed\u0161e zp\u011btn\u00e1 vazba jako &#8220;recenze&#8221; aplikace i s hodnocen\u00edm)<\/em>.<\/li><li>Vyhledejte aplikaci, ke kter\u00e9 chcete odeslat zp\u011btnou vazbu.<\/li><li>Klepnut\u00edm na aplikaci otev\u0159ete jej\u00ed str\u00e1nku s\u00a0podrobnostmi.<\/li><li>V\u00a0sekci Soukrom\u00e1 zp\u011btn\u00e1 vazba pro v\u00fdvoj\u00e1\u0159e klepn\u011bte na\u00a0<strong>Napsat zp\u011btnou vazbu<\/strong>.<\/li><li>Klepnut\u00edm na hv\u011bzdi\u010dky aplikaci ohodno\u0165te a\u00a0v\u00a0poli v\u00fdvoj\u00e1\u0159i popi\u0161te sv\u00e9 zku\u0161enosti.<ul><li>K\u00a0odesl\u00e1n\u00ed zp\u011btn\u00e9 vazby je pot\u0159eba vyplnit hodnocen\u00ed i\u00a0p\u00edsemnou odpov\u011b\u010f.<\/li><\/ul><\/li><li>Klepn\u011bte na\u00a0<strong>P\u0159idat<\/strong>.<\/li><\/ol>","protected":false},"excerpt":{"rendered":"<p>Otev\u0159en\u00e9 testov\u00e1n\u00ed m\u016f\u017ee obsahovat chyby a potencion\u00e1ln\u00ed p\u00e1dy aplikace. Tester pod\u00edlej\u00edc\u00ed se na testov\u00e1n\u00ed dobrovoln\u011b prohla\u0161uje, \u017ee bude testovat aplikaci podle sv\u00e9 v\u016fle a uv\u00e1\u017een\u00ed a to bez n\u00e1roku na jakoukoliv odm\u011bnu. Testov\u00e1n\u00ed je dostupn\u00e9 platform\u00e1ch iOS\/iPadOS, Android a MacOS s \u010dipem M1 a nov\u011bj\u0161\u00edm. Na za\u0159\u00edzen\u00ed s iOS Nutn\u00e9 po\u017eadavky: iOS, iPadOS nebo MacOS [&hellip;]<\/p>","protected":false},"author":1,"featured_media":0,"parent":0,"menu_order":0,"comment_status":"closed","ping_status":"closed","template":"","meta":[],"acf":[],"_links":{"self":[{"href":"https:\/\/letjob.net\/uk\/wp-json\/wp\/v2\/pages\/2258"}],"collection":[{"href":"https:\/\/letjob.net\/uk\/wp-json\/wp\/v2\/pages"}],"about":[{"href":"https:\/\/letjob.net\/uk\/wp-json\/wp\/v2\/types\/page"}],"author":[{"embeddable":true,"href":"https:\/\/letjob.net\/uk\/wp-json\/wp\/v2\/users\/1"}],"replies":[{"embeddable":true,"href":"https:\/\/letjob.net\/uk\/wp-json\/wp\/v2\/comments?post=2258"}],"version-history":[{"count":14,"href":"https:\/\/letjob.net\/uk\/wp-json\/wp\/v2\/pages\/2258\/revisions"}],"predecessor-version":[{"id":2284,"href":"https:\/\/letjob.net\/uk\/wp-json\/wp\/v2\/pages\/2258\/revisions\/2284"}],"wp:attachment":[{"href":"https:\/\/letjob.net\/uk\/wp-json\/wp\/v2\/media?parent=2258"}],"curies":[{"name":"wp","href":"https:\/\/api.w.org\/{rel}","templated":true}]}}