{"id":124,"date":"2018-07-04T11:55:04","date_gmt":"2018-07-04T11:55:04","guid":{"rendered":"https:\/\/letjob.net\/?page_id=124"},"modified":"2023-01-31T12:15:27","modified_gmt":"2023-01-31T12:15:27","slug":"kontakt","status":"publish","type":"page","link":"https:\/\/letjob.net\/uk\/kontakt\/","title":{"rendered":"\u043a\u043e\u043d\u0442\u0430\u043a\u0442"},"content":{"rendered":"<div data-vc-full-width=\"true\" data-vc-full-width-init=\"false\" data-vc-stretch-content=\"true\" class=\"vc_row wpb_row vc_row-fluid vc_row-no-padding\" style=\"  \"><div class=\"wpb_column vc_column_container vc_col-sm-12\"><div class=\"vc_column-inner\" style=\"\"><div class=\"wpb_wrapper\"><div class=\"banner-area banner-area-6a0329c8e4c6e banner-color-inherit\"><div class=\"banner banner-6a0329c8e4c6d fixed-height\" style=\"height:400px;\"><div class=\"item banner-item-6a0329c8e55ca black center-center mob-center-center\" style=\"background-image: url(https:\/\/letjob.net\/wp-content\/uploads\/2021\/12\/Final-1-pdf.jpg)\"><div class=\"container\"><div class=\"cell c-center ch-center\"><\/div><\/div><\/div><\/div><\/div><h2 style=\"text-align: center\" class=\"h vc_custom_heading h-weight- tac\" ><span>\u043a\u043e\u043d\u0442\u0430\u043a\u0442<\/span><\/h2><\/div><\/div><\/div><\/div><div class=\"vc_row-full-width vc_clearfix\"><\/div><div class=\"vc_row wpb_row vc_row-fluid vc_custom_1534508584233\" style=\"  \"><div class=\"wpb_column vc_column_container vc_col-sm-12\"><div class=\"vc_column-inner\" style=\"\"><div class=\"wpb_wrapper\"><div class=\"icon-box-items row style3\"><div class=\"icon-box-item-style3 icon-box-6a0329c8e5f99 col-xs-12 col-sm-6 col-md-4  wpb_animate_when_almost_visible wpb_bounce bounce\"><div class=\"icon vc-oi vc-oi-mail\"><\/div><div class=\"wrap\"><h5 class=\"h\">info@letjob.cz<\/h5><div class=\"text\">bug@letjob.cz - \u0432\u0438 \u0437\u043d\u0430\u0439\u0448\u043b\u0438 \u043f\u043e\u043c\u0438\u043b\u043a\u0443?<\/div><\/div><\/div><div class=\"icon-box-item-style3 icon-box-6a0329c8e5fee col-xs-12 col-sm-6 col-md-4\"><div class=\"icon multimedia-collection-icons-envelope\"><\/div><div class=\"wrap\"><div class=\"text\">AG King s.r.o.<br \/>\nI\u010cO: 24263281<br \/>\nDI\u010c: CZ24263281<\/div><\/div><\/div><div class=\"icon-box-item-style3 icon-box-6a0329c8e6065 col-xs-12 col-sm-6 col-md-4\"><div class=\"icon multimedia-collection-icons-envelope\"><\/div><div class=\"wrap\"><div class=\"text\"> Zden\u011bk Skopal<br \/>\nHradsk\u00e1 854<br \/>\nZl\u00edn 76001<br \/>\n\u010cesk\u00e1 Republika<br \/>\n+420 605 490 461<\/div><\/div><\/div><\/div><\/div><\/div><\/div><\/div>","protected":false},"excerpt":{"rendered":"Kontaktinfo@letjob.czbug@letjob.cz - na\u0161li jste chybu?AG King s.r.o. I\u010cO: 24263281 DI\u010c: CZ24263281 Zden\u011bk Skopal Hradsk\u00e1 854 Zl\u00edn 76001 \u010cesk\u00e1 Republika +420 605 490 461","protected":false},"author":1,"featured_media":0,"parent":0,"menu_order":0,"comment_status":"closed","ping_status":"closed","template":"template-landing.php","meta":[],"acf":[],"_links":{"self":[{"href":"https:\/\/letjob.net\/uk\/wp-json\/wp\/v2\/pages\/124"}],"collection":[{"href":"https:\/\/letjob.net\/uk\/wp-json\/wp\/v2\/pages"}],"about":[{"href":"https:\/\/letjob.net\/uk\/wp-json\/wp\/v2\/types\/page"}],"author":[{"embeddable":true,"href":"https:\/\/letjob.net\/uk\/wp-json\/wp\/v2\/users\/1"}],"replies":[{"embeddable":true,"href":"https:\/\/letjob.net\/uk\/wp-json\/wp\/v2\/comments?post=124"}],"version-history":[{"count":53,"href":"https:\/\/letjob.net\/uk\/wp-json\/wp\/v2\/pages\/124\/revisions"}],"predecessor-version":[{"id":2347,"href":"https:\/\/letjob.net\/uk\/wp-json\/wp\/v2\/pages\/124\/revisions\/2347"}],"wp:attachment":[{"href":"https:\/\/letjob.net\/uk\/wp-json\/wp\/v2\/media?parent=124"}],"curies":[{"name":"wp","href":"https:\/\/api.w.org\/{rel}","templated":true}]}}