{"id":2134,"date":"2022-01-09T22:12:56","date_gmt":"2022-01-09T22:12:56","guid":{"rendered":"https:\/\/letjob.net\/?page_id=2134"},"modified":"2022-06-10T15:12:06","modified_gmt":"2022-06-10T15:12:06","slug":"blog","status":"publish","type":"page","link":"https:\/\/letjob.net\/cz\/blog\/","title":{"rendered":"Novinky"},"content":{"rendered":"<div class=\"vc_row wpb_row vc_row-fluid\" style=\"  \"><div class=\"wpb_column vc_column_container vc_col-sm-2\"><div class=\"vc_column-inner \" style=\"\"><div class=\"wpb_wrapper\"><\/div><\/div><\/div><div class=\"wpb_column vc_column_container vc_col-sm-8\"><div class=\"vc_column-inner \" style=\"\"><div class=\"wpb_wrapper\">\n\t<div  class=\"wpb_single_image wpb_content_element vc_align_left\">\n\t\t\n\t\t<figure class=\"wpb_wrapper vc_figure\">\n\t\t\t<div class=\"vc_single_image-wrapper   vc_box_border_grey\"><img width=\"300\" height=\"51\" src=\"https:\/\/letjob.net\/wp-content\/uploads\/2022\/06\/ZmenaLetJobZmena-300x51.png\" class=\"vc_single_image-img attachment-medium\" alt=\"\" loading=\"lazy\" title=\"ZmenaLetJobZmena\" srcset=\"https:\/\/letjob.net\/wp-content\/uploads\/2022\/06\/ZmenaLetJobZmena-300x51.png 300w, https:\/\/letjob.net\/wp-content\/uploads\/2022\/06\/ZmenaLetJobZmena-1024x174.png 1024w, https:\/\/letjob.net\/wp-content\/uploads\/2022\/06\/ZmenaLetJobZmena-768x130.png 768w, https:\/\/letjob.net\/wp-content\/uploads\/2022\/06\/ZmenaLetJobZmena-18x3.png 18w, https:\/\/letjob.net\/wp-content\/uploads\/2022\/06\/ZmenaLetJobZmena.png 1468w\" sizes=\"(max-width: 300px) 100vw, 300px\" \/><\/div>\n\t\t<\/figure>\n\t<\/div>\n<h4 style=\"text-align: left\" class=\"h vc_custom_heading h-weight- tal\" ><span>Zm\u011bna Smluvn\u00edch podm\u00ednek pro inzerci na LetJob<\/span><\/h4><h6 style=\"color: #1e73be;text-align: left\" class=\"h vc_custom_heading uppercase h-weight- tal\" ><span>10.06.2022<\/span><\/h6><p style=\"text-align: left\" class=\"h vc_custom_heading h-weight- tal\" ><span><a href=\"https:\/\/letjob.net\/terms-of-service\/\" title=\"Odkaz na nov\u00e9 U\u017eivatelsk\u00e9 podm\u00ednky\">V\u00fdvoj jde kup\u0159edu a mi s n\u00edm. S p\u0159ib\u00fdvaj\u00edc\u00edmi slu\u017ebami jsme museli i upravit na\u0161e Smluvn\u00ed podm\u00ednky. Rychl\u00fd odkaz na pln\u00e9 zn\u011bn\u00ed podm\u00ednek najdete n\u00ed\u017ee.<\/p>\n<p>https:\/\/letjob.net\/terms-of-service\/<\/a><\/span><\/p><div class=\"vc_empty_space\"   style=\"height: 32px\"><span class=\"vc_empty_space_inner\"><\/span><\/div><div class=\"vc_separator wpb_content_element vc_separator_align_center vc_sep_width_100 vc_sep_border_width_2 vc_sep_pos_align_center vc_separator_no_text vc_sep_color_grey\" ><span class=\"vc_sep_holder vc_sep_holder_l\"><span  class=\"vc_sep_line\"><\/span><\/span><span class=\"vc_sep_holder vc_sep_holder_r\"><span  class=\"vc_sep_line\"><\/span><\/span>\n<\/div><div class=\"vc_empty_space\"   style=\"height: 32px\"><span class=\"vc_empty_space_inner\"><\/span><\/div><\/div><\/div><\/div><div class=\"wpb_column vc_column_container vc_col-sm-2\"><div class=\"vc_column-inner \" style=\"\"><div class=\"wpb_wrapper\"><\/div><\/div><\/div><\/div><div class=\"vc_row wpb_row vc_row-fluid\" style=\"  \"><div class=\"wpb_column vc_column_container vc_col-sm-2\"><div class=\"vc_column-inner \" style=\"\"><div class=\"wpb_wrapper\"><\/div><\/div><\/div><div class=\"wpb_column vc_column_container vc_col-sm-8\"><div class=\"vc_column-inner \" style=\"\"><div class=\"wpb_wrapper\">\n\t<div  class=\"wpb_single_image wpb_content_element vc_align_left\">\n\t\t\n\t\t<figure class=\"wpb_wrapper vc_figure\">\n\t\t\t<div class=\"vc_single_image-wrapper   vc_box_border_grey\"><img width=\"300\" height=\"177\" src=\"https:\/\/letjob.net\/wp-content\/uploads\/2021\/12\/Logo-final-300x177.png\" class=\"vc_single_image-img attachment-medium\" alt=\"\" loading=\"lazy\" title=\"final logo\" srcset=\"https:\/\/letjob.net\/wp-content\/uploads\/2021\/12\/Logo-final-300x177.png 300w, https:\/\/letjob.net\/wp-content\/uploads\/2021\/12\/Logo-final-1024x604.png 1024w, https:\/\/letjob.net\/wp-content\/uploads\/2021\/12\/Logo-final-768x453.png 768w, https:\/\/letjob.net\/wp-content\/uploads\/2021\/12\/Logo-final.png 1471w\" sizes=\"(max-width: 300px) 100vw, 300px\" \/><\/div>\n\t\t<\/figure>\n\t<\/div>\n<h4 style=\"text-align: left\" class=\"h vc_custom_heading h-weight- tal\" ><span>Spu\u0161t\u011bn\u00ed testovac\u00ed verze aplikace LetJob<\/span><\/h4><h6 style=\"color: #1e73be;text-align: left\" class=\"h vc_custom_heading uppercase h-weight- tal\" ><span>10.01.2022<\/span><\/h6><p style=\"text-align: left\" class=\"h vc_custom_heading h-weight- tal\" ><span>S radost\u00ed V\u00e1m oznamujeme, \u017ee u\u017e prob\u00edh\u00e1 druh\u00e9 kolo testov\u00e1n\u00ed na\u0161\u00ed aplikace LetJob. Poda\u0159ilo se n\u00e1m dostat na Apple Store a Google Play. Na\u0161i technici je\u0161t\u011b dola\u010fuj\u00ed ov\u011b\u0159ov\u00e1n\u00ed telefonn\u00edch \u010d\u00edsel a jejich p\u0159i\u0159azov\u00e1n\u00ed k \u00fa\u010dt\u016fm.<\/span><\/p><div class=\"vc_empty_space\"   style=\"height: 32px\"><span class=\"vc_empty_space_inner\"><\/span><\/div><div class=\"vc_separator wpb_content_element vc_separator_align_center vc_sep_width_100 vc_sep_border_width_2 vc_sep_pos_align_center vc_separator_no_text vc_sep_color_grey\" ><span class=\"vc_sep_holder vc_sep_holder_l\"><span  class=\"vc_sep_line\"><\/span><\/span><span class=\"vc_sep_holder vc_sep_holder_r\"><span  class=\"vc_sep_line\"><\/span><\/span>\n<\/div><div class=\"vc_empty_space\"   style=\"height: 32px\"><span class=\"vc_empty_space_inner\"><\/span><\/div><\/div><\/div><\/div><div class=\"wpb_column vc_column_container vc_col-sm-2\"><div class=\"vc_column-inner \" style=\"\"><div class=\"wpb_wrapper\"><\/div><\/div><\/div><\/div><div class=\"vc_row wpb_row vc_row-fluid\" style=\"  \"><div class=\"wpb_column vc_column_container vc_col-sm-2\"><div class=\"vc_column-inner \" style=\"\"><div class=\"wpb_wrapper\"><\/div><\/div><\/div><div class=\"wpb_column vc_column_container vc_col-sm-8\"><div class=\"vc_column-inner \" style=\"\"><div class=\"wpb_wrapper\">\n\t<div  class=\"wpb_single_image wpb_content_element vc_align_left\">\n\t\t\n\t\t<figure class=\"wpb_wrapper vc_figure\">\n\t\t\t<div class=\"vc_single_image-wrapper   vc_box_border_grey\"><img width=\"300\" height=\"298\" src=\"https:\/\/letjob.net\/wp-content\/uploads\/2021\/12\/IMG_8738-e1654874980907-300x298.png\" class=\"vc_single_image-img attachment-medium\" alt=\"\" loading=\"lazy\" title=\"IMG_8738\" srcset=\"https:\/\/letjob.net\/wp-content\/uploads\/2021\/12\/IMG_8738-e1654874980907-300x298.png 300w, https:\/\/letjob.net\/wp-content\/uploads\/2021\/12\/IMG_8738-e1654874980907-1024x1018.png 1024w, https:\/\/letjob.net\/wp-content\/uploads\/2021\/12\/IMG_8738-e1654874980907-150x150.png 150w, https:\/\/letjob.net\/wp-content\/uploads\/2021\/12\/IMG_8738-e1654874980907-768x763.png 768w, https:\/\/letjob.net\/wp-content\/uploads\/2021\/12\/IMG_8738-e1654874980907-12x12.png 12w\" sizes=\"(max-width: 300px) 100vw, 300px\" \/><\/div>\n\t\t<\/figure>\n\t<\/div>\n<h4 style=\"text-align: left\" class=\"h vc_custom_heading h-weight- tal\" ><span>Za\u010dalo to n\u00e1padem<\/span><\/h4><h6 style=\"color: #1e73be;text-align: left\" class=\"h vc_custom_heading uppercase h-weight- tal\" ><span>20.12.2017<\/span><\/h6><p style=\"text-align: left\" class=\"h vc_custom_heading h-weight- tal\" ><span>LetJob byl prvn\u00ed jen n\u00e1pad. Dnes nastal prvn\u00ed krok. Prvn\u00ed logo bylo na sv\u011bt\u011b. Te\u010f je p\u0159ed n\u00e1mi dlouh\u00e1 cesta, jak to za\u010d\u00edt realizovat a uk\u00e1zat to v\u00edce lidem. Dr\u017ete n\u00e1m palce!<\/span><\/p><div class=\"vc_empty_space\"   style=\"height: 32px\"><span class=\"vc_empty_space_inner\"><\/span><\/div><div class=\"vc_separator wpb_content_element vc_separator_align_center vc_sep_width_100 vc_sep_border_width_2 vc_sep_pos_align_center vc_separator_no_text vc_sep_color_grey\" ><span class=\"vc_sep_holder vc_sep_holder_l\"><span  class=\"vc_sep_line\"><\/span><\/span><span class=\"vc_sep_holder vc_sep_holder_r\"><span  class=\"vc_sep_line\"><\/span><\/span>\n<\/div><div class=\"vc_empty_space\"   style=\"height: 32px\"><span class=\"vc_empty_space_inner\"><\/span><\/div><\/div><\/div><\/div><div class=\"wpb_column vc_column_container vc_col-sm-2\"><div class=\"vc_column-inner \" style=\"\"><div class=\"wpb_wrapper\"><\/div><\/div><\/div><\/div>\n","protected":false},"excerpt":{"rendered":"Zm\u011bna Smluvn\u00edch podm\u00ednek pro inzerci na LetJob10.06.2022V\u00fdvoj jde kup\u0159edu a mi s n\u00edm. S p\u0159ib\u00fdvaj\u00edc\u00edmi slu\u017ebami jsme museli i upravit na\u0161e Smluvn\u00ed podm\u00ednky. Rychl\u00fd odkaz na pln\u00e9 zn\u011bn\u00ed podm\u00ednek najdete n\u00ed\u017ee. https:\/\/letjob.net\/terms-of-service\/ Spu\u0161t\u011bn\u00ed testovac\u00ed verze aplikace LetJob10.01.2022S radost\u00ed V\u00e1m oznamujeme, \u017ee u\u017e prob\u00edh\u00e1 druh\u00e9 kolo testov\u00e1n\u00ed na\u0161\u00ed aplikace LetJob. Poda\u0159ilo se n\u00e1m dostat na Apple [...]","protected":false},"author":3,"featured_media":0,"parent":0,"menu_order":0,"comment_status":"closed","ping_status":"closed","template":"","meta":[],"acf":[],"_links":{"self":[{"href":"https:\/\/letjob.net\/cz\/wp-json\/wp\/v2\/pages\/2134"}],"collection":[{"href":"https:\/\/letjob.net\/cz\/wp-json\/wp\/v2\/pages"}],"about":[{"href":"https:\/\/letjob.net\/cz\/wp-json\/wp\/v2\/types\/page"}],"author":[{"embeddable":true,"href":"https:\/\/letjob.net\/cz\/wp-json\/wp\/v2\/users\/3"}],"replies":[{"embeddable":true,"href":"https:\/\/letjob.net\/cz\/wp-json\/wp\/v2\/comments?post=2134"}],"version-history":[{"count":36,"href":"https:\/\/letjob.net\/cz\/wp-json\/wp\/v2\/pages\/2134\/revisions"}],"predecessor-version":[{"id":2345,"href":"https:\/\/letjob.net\/cz\/wp-json\/wp\/v2\/pages\/2134\/revisions\/2345"}],"wp:attachment":[{"href":"https:\/\/letjob.net\/cz\/wp-json\/wp\/v2\/media?parent=2134"}],"curies":[{"name":"wp","href":"https:\/\/api.w.org\/{rel}","templated":true}]}}