{"id":1771,"date":"2021-12-28T07:53:58","date_gmt":"2021-12-28T07:53:58","guid":{"rendered":"https:\/\/letjob.net\/?page_id=1771"},"modified":"2022-01-15T20:09:13","modified_gmt":"2022-01-15T20:09:13","slug":"faq","status":"publish","type":"page","link":"https:\/\/letjob.net\/cz\/faq\/","title":{"rendered":"FAQ"},"content":{"rendered":"<div class=\"vc_row wpb_row vc_row-fluid\" style=\"  \"><div class=\"wpb_column vc_column_container vc_col-sm-12\"><div class=\"vc_column-inner \" style=\"background-position: center top !important;\"><div class=\"wpb_wrapper\"><h2 style=\"color: #000000;text-align: center\" class=\"h vc_custom_heading h-weight- tac\" ><span>\u010casto kladen\u00e9 ot\u00e1zky<\/span><\/h2><h4 style=\"text-align: center\" class=\"h vc_custom_heading h-weight- tac\" ><span>Frequently Asking Questions<\/span><\/h4><\/div><\/div><\/div><\/div><div class=\"vc_row wpb_row vc_row-fluid\" style=\"  \"><div class=\"wpb_column vc_column_container vc_col-sm-12\"><div class=\"vc_column-inner \" style=\"\"><div class=\"wpb_wrapper\"><h4 style=\"text-align: center\" class=\"h vc_custom_heading h-weight- tac\" ><span>Omlouv\u00e1me se, str\u00e1nku st\u00e1le p\u0159ipravujeme.<\/span><\/h4><p style=\"text-align: center\" class=\"h vc_custom_heading h-weight- tac\" ><span>Na t\u00e9to str\u00e1nce pozd\u011bji najdete odpov\u011bdi na Va\u0161e ot\u00e1zky.<\/span><\/p><div class=\"vc_empty_space\"   style=\"height: 32px\"><span class=\"vc_empty_space_inner\"><\/span><\/div><div class=\"vc_separator wpb_content_element vc_separator_align_center vc_sep_width_100 vc_sep_border_width_2 vc_sep_pos_align_center vc_separator_no_text vc_sep_color_grey\" ><span class=\"vc_sep_holder vc_sep_holder_l\"><span  class=\"vc_sep_line\"><\/span><\/span><span class=\"vc_sep_holder vc_sep_holder_r\"><span  class=\"vc_sep_line\"><\/span><\/span>\n<\/div><div class=\"vc_empty_space\"   style=\"height: 32px\"><span class=\"vc_empty_space_inner\"><\/span><\/div><\/div><\/div><\/div><\/div><div class=\"vc_row wpb_row vc_row-fluid\" style=\"  \"><div class=\"wpb_column vc_column_container vc_col-sm-12\"><div class=\"vc_column-inner \" style=\"\"><div class=\"wpb_wrapper\"><div class=\"vc_row wpb_row vc_inner vc_row-fluid\" style=\"  \"><div class=\"wpb_column vc_column_container vc_col-sm-12\"><div class=\"vc_column-inner\"><div class=\"wpb_wrapper\"><div class=\"vc_separator wpb_content_element vc_separator_align_center vc_sep_width_100 vc_sep_pos_align_center vc_separator_no_text vc_sep_color_grey\" ><span class=\"vc_sep_holder vc_sep_holder_l\"><span  class=\"vc_sep_line\"><\/span><\/span><span class=\"vc_sep_holder vc_sep_holder_r\"><span  class=\"vc_sep_line\"><\/span><\/span>\n<\/div><\/div><\/div><\/div><\/div><\/div><\/div><\/div><\/div><div class=\"vc_row wpb_row vc_row-fluid\" style=\"  \"><div class=\"wpb_column vc_column_container vc_col-sm-6\"><div class=\"vc_column-inner \" style=\"\"><div class=\"wpb_wrapper\">\n\t<div  class=\"wpb_single_image wpb_content_element vc_align_center\">\n\t\t\n\t\t<figure class=\"wpb_wrapper vc_figure\">\n\t\t\t<div class=\"vc_single_image-wrapper   vc_box_border_grey\"><img width=\"1282\" height=\"1279\" src=\"https:\/\/letjob.net\/wp-content\/uploads\/2021\/12\/IMG_8737.jpg\" class=\"vc_single_image-img attachment-full\" alt=\"\" loading=\"lazy\" title=\"IMG_8737\" srcset=\"https:\/\/letjob.net\/wp-content\/uploads\/2021\/12\/IMG_8737.jpg 1282w, https:\/\/letjob.net\/wp-content\/uploads\/2021\/12\/IMG_8737-300x300.jpg 300w, https:\/\/letjob.net\/wp-content\/uploads\/2021\/12\/IMG_8737-1024x1022.jpg 1024w, https:\/\/letjob.net\/wp-content\/uploads\/2021\/12\/IMG_8737-150x150.jpg 150w, https:\/\/letjob.net\/wp-content\/uploads\/2021\/12\/IMG_8737-768x766.jpg 768w\" sizes=\"(max-width: 1282px) 100vw, 1282px\" \/><\/div>\n\t\t<\/figure>\n\t<\/div>\n<\/div><\/div><\/div><div class=\"wpb_column vc_column_container vc_col-sm-6\"><div class=\"vc_column-inner \" style=\"\"><div class=\"wpb_wrapper\"><div class=\"accordion-items accordion-items-69f85199af44b\"><div class=\"item \"><div class=\"top\"><div class=\"t\"><\/div><div class=\"cell\">Jak v aplikaci zru\u0161\u00edm reklamy a jak to funguje?<\/div><\/div><div class=\"wrap\">V aplikaci klikn\u011bte na ikonu rolovac\u00edho menu (t\u0159i \u010d\u00e1rky), v zobrazen\u00e9 nab\u00eddce klikn\u011bte na placen\u00e9 slu\u017eby, zakupte si na\u0161\u00ed slu\u017ebu ``Bez reklam.`` Za chv\u00edli si u\u017e m\u016f\u017eete u\u017e\u00edvat na\u0161i aplikaci \u00fapln\u011b bez reklam.<\/div><\/div><div class=\"item \"><div class=\"top\"><div class=\"t\"><\/div><div class=\"cell\">Jak si nastav\u00edm sv\u016fj kalend\u00e1\u0159, kdy m\u016f\u017eu do pr\u00e1ce?<\/div><\/div><div class=\"wrap\">Kalend\u00e1\u0159 nastavujete u ka\u017ed\u00e9ho Va\u0161eho p\u0159\u00edsp\u011bvku (nab\u00eddky, popt\u00e1vky). M\u016f\u017eete si zvolit mezi sud\u00fdm a lich\u00fdm t\u00fddnem, vybrat jednotliv\u00e9 dny v t\u00fddnu a up\u0159esnit i \u010dasy kdy ve kter\u00e9 dny m\u016f\u017eete p\u0159esn\u011b m\u016f\u017eete.<\/div><\/div><div class=\"item \"><div class=\"top\"><div class=\"t\"><\/div><div class=\"cell\">Jak nastav\u00edm hl\u00eddac\u00edho robota?<\/div><\/div><div class=\"wrap\">Popt\u00e1v\u00e1te nebo nab\u00edz\u00edte slu\u017ebu, ale v aktu\u00e1ln\u00ed nab\u00eddce inzer\u00e1t\u016f nenach\u00e1z\u00edte co hled\u00e1te, nen\u00ed nic jednodu\u0161\u0161\u00edho ne\u017e si nastavit hl\u00eddac\u00edho robota. Toho najdete.....<\/div><\/div><div class=\"item \"><div class=\"top\"><div class=\"t\"><\/div><div class=\"cell\">Jak vlo\u017eit a ov\u011b\u0159it telefonn\u00ed \u010d\u00edslo v aplikaci LetJob?<\/div><\/div><div class=\"wrap\">Ov\u011b\u0159en\u00ed telefonn\u00edho \u010d\u00edsla zaru\u010duje<\/div><\/div><div class=\"item \"><div class=\"top\"><div class=\"t\"><\/div><div class=\"cell\">Ot\u00e1zka 5<\/div><\/div><div class=\"wrap\">fsdf dsfsfsfsdfds<\/div><\/div><div class=\"item \"><div class=\"top\"><div class=\"t\"><\/div><div class=\"cell\">Ot\u00e1zka 6<\/div><\/div><div class=\"wrap\">hdfgdfgg dfggfdgdgdfg<\/div><\/div><div class=\"item \"><div class=\"top\"><div class=\"t\"><\/div><div class=\"cell\">Ot\u00e1zka 7<\/div><\/div><div class=\"wrap\">g dfgdfgdgdfggfgfd<\/div><\/div><\/div><\/div><\/div><\/div><\/div><div class=\"vc_row wpb_row vc_row-fluid\" style=\"  \"><div class=\"wpb_column vc_column_container vc_col-sm-12\"><div class=\"vc_column-inner \" style=\"\"><div class=\"wpb_wrapper\"><div class=\"accordion-items accordion-items-69f85199af908\"><div class=\"item \"><div class=\"top\"><div class=\"t\"><\/div><div class=\"cell\">Ot\u00e1zka 8<\/div><\/div><div class=\"wrap\">sdgdjfdf dhdshd<\/div><\/div><div class=\"item \"><div class=\"top\"><div class=\"t\"><\/div><div class=\"cell\">Ot\u00e1zka 9<\/div><\/div><div class=\"wrap\">sdg sggsddgfdsf<\/div><\/div><div class=\"item \"><div class=\"top\"><div class=\"t\"><\/div><div class=\"cell\">Ot\u00e1zka 10<\/div><\/div><div class=\"wrap\">sfsdf  ff fsdfdsdsf<\/div><\/div><\/div><\/div><\/div><\/div><\/div><div class=\"vc_row wpb_row vc_row-fluid\" style=\"  \"><div class=\"wpb_column vc_column_container vc_col-sm-6\"><div class=\"vc_column-inner \" style=\"\"><div class=\"wpb_wrapper\"><div class=\"accordion-items accordion-items-69f85199afcdf\"><div class=\"item \"><div class=\"top\"><div class=\"t\"><\/div><div class=\"cell\">Ot\u00e1zka 11<\/div><\/div><div class=\"wrap\">kkkaf adfkjs jf<\/div><\/div><div class=\"item \"><div class=\"top\"><div class=\"t\"><\/div><div class=\"cell\">Ot\u00e1zka 12<\/div><\/div><div class=\"wrap\">fdgdf gdgadgsdf<\/div><\/div><div class=\"item \"><div class=\"top\"><div class=\"t\"><\/div><div class=\"cell\">Ot\u00e1zka 13<\/div><\/div><div class=\"wrap\">sfsdf sfsd ffsf<\/div><\/div><div class=\"item \"><div class=\"top\"><div class=\"t\"><\/div><div class=\"cell\">Ot\u00e1zka 14<\/div><\/div><div class=\"wrap\">sf sdfsdfssfes<\/div><\/div><div class=\"item \"><div class=\"top\"><div class=\"t\"><\/div><div class=\"cell\">Ot\u00e1zka 15<\/div><\/div><div class=\"wrap\">erger grrwerwer<\/div><\/div><\/div><\/div><\/div><\/div><div class=\"wpb_column vc_column_container vc_col-sm-6\"><div class=\"vc_column-inner \" style=\"\"><div class=\"wpb_wrapper\">\n\t<div  class=\"wpb_single_image wpb_content_element vc_align_left\">\n\t\t\n\t\t<figure class=\"wpb_wrapper vc_figure\">\n\t\t\t<div class=\"vc_single_image-wrapper   vc_box_border_grey\"><img width=\"1282\" height=\"949\" src=\"https:\/\/letjob.net\/wp-content\/uploads\/2021\/12\/IMG_8736.jpg\" class=\"vc_single_image-img attachment-full\" alt=\"muzeme dnes\" loading=\"lazy\" title=\"IMG_8736\" srcset=\"https:\/\/letjob.net\/wp-content\/uploads\/2021\/12\/IMG_8736.jpg 1282w, https:\/\/letjob.net\/wp-content\/uploads\/2021\/12\/IMG_8736-300x222.jpg 300w, https:\/\/letjob.net\/wp-content\/uploads\/2021\/12\/IMG_8736-1024x758.jpg 1024w, https:\/\/letjob.net\/wp-content\/uploads\/2021\/12\/IMG_8736-768x569.jpg 768w\" sizes=\"(max-width: 1282px) 100vw, 1282px\" \/><\/div>\n\t\t<\/figure>\n\t<\/div>\n<\/div><\/div><\/div><\/div><div class=\"vc_row wpb_row vc_row-fluid\" style=\"  \"><div class=\"wpb_column vc_column_container vc_col-sm-12\"><div class=\"vc_column-inner \" style=\"\"><div class=\"wpb_wrapper\"><div class=\"vc_empty_space\"   style=\"height: 32px\"><span class=\"vc_empty_space_inner\"><\/span><\/div><div class=\"vc_separator wpb_content_element vc_separator_align_center vc_sep_width_100 vc_sep_border_width_2 vc_sep_pos_align_center vc_separator_no_text vc_sep_color_grey\" ><span class=\"vc_sep_holder vc_sep_holder_l\"><span  class=\"vc_sep_line\"><\/span><\/span><span class=\"vc_sep_holder vc_sep_holder_r\"><span  class=\"vc_sep_line\"><\/span><\/span>\n<\/div><h3 style=\"color: #000000;text-align: center\" class=\"h vc_custom_heading h-weight- tac\" ><span>Zapomn\u011bli jsme na n\u011bco? Zeptejte se n\u00e1s...<\/span><\/h3><div class=\"vc_empty_space\"   style=\"height: 32px\"><span class=\"vc_empty_space_inner\"><\/span><\/div>\n\t<div class=\"wpb_text_column wpb_content_element  text-block-align-left\"  style=\"\">\n\t\t<div class=\"wpb_wrapper\">\n\t\t\t<div role=\"form\" class=\"wpcf7\" id=\"wpcf7-f1024-o1\" lang=\"en-US\" dir=\"ltr\">\n<div class=\"screen-reader-response\"><p role=\"status\" aria-live=\"polite\" aria-atomic=\"true\"><\/p> <ul><\/ul><\/div>\n<form action=\"\/cz\/wp-json\/wp\/v2\/pages\/1771#wpcf7-f1024-o1\" method=\"post\" class=\"wpcf7-form init\" novalidate=\"novalidate\" data-status=\"init\">\n<div style=\"display: none;\">\n<input type=\"hidden\" name=\"_wpcf7\" value=\"1024\" \/>\n<input type=\"hidden\" name=\"_wpcf7_version\" value=\"5.5.3\" \/>\n<input type=\"hidden\" name=\"_wpcf7_locale\" value=\"en_US\" \/>\n<input type=\"hidden\" name=\"_wpcf7_unit_tag\" value=\"wpcf7-f1024-o1\" \/>\n<input type=\"hidden\" name=\"_wpcf7_container_post\" value=\"0\" \/>\n<input type=\"hidden\" name=\"_wpcf7_posted_data_hash\" value=\"\" \/>\n<\/div>\n<div class=\"contacts-form row\">\n<div class=\"col-xs-12 col-sm-4\"><span class=\"wpcf7-form-control-wrap name-f\"><input type=\"text\" name=\"name-f\" value=\"\" size=\"40\" class=\"wpcf7-form-control wpcf7-text wpcf7-validates-as-required style1\" aria-required=\"true\" aria-invalid=\"false\" placeholder=\"Cel\u00e9 jm\u00e9no...*\" \/><\/span><\/div>\n<div class=\"col-xs-12 col-sm-4\"><span class=\"wpcf7-form-control-wrap email\"><input type=\"text\" name=\"email\" value=\"\" size=\"40\" class=\"wpcf7-form-control wpcf7-text wpcf7-validates-as-required style1\" aria-required=\"true\" aria-invalid=\"false\" placeholder=\"E-mail...*\" \/><\/span><\/div>\n<div class=\"col-xs-12 col-sm-4\"><span class=\"wpcf7-form-control-wrap phone\"><input type=\"text\" name=\"phone\" value=\"\" size=\"40\" class=\"wpcf7-form-control wpcf7-text wpcf7-validates-as-required style1\" aria-required=\"true\" aria-invalid=\"false\" placeholder=\"Telefon...*\" \/><\/span><\/div>\n<div class=\"col-xs-12\"><span class=\"wpcf7-form-control-wrap text\"><textarea name=\"text\" cols=\"40\" rows=\"7\" class=\"wpcf7-form-control wpcf7-textarea style1\" aria-invalid=\"false\" placeholder=\"Zde napi\u0161te pr\u00e1vu...*\"><\/textarea><\/span><\/div>\n<div class=\"col-xs-12\"><input type=\"submit\" value=\"Odeslat dotaz\" class=\"wpcf7-form-control has-spinner wpcf7-submit button-style2\" \/>* - povinn\u00e9 pole<\/div>\n<\/div>\n<div class=\"wpcf7-response-output\" aria-hidden=\"true\"><\/div><\/form><\/div>\n\n\t\t<\/div>\n\t<\/div>\n<div class=\"vc_empty_space\"   style=\"height: 32px\"><span class=\"vc_empty_space_inner\"><\/span><\/div><\/div><\/div><\/div><\/div>\n","protected":false},"excerpt":{"rendered":"\u010casto kladen\u00e9 ot\u00e1zkyFrequently Asking QuestionsOmlouv\u00e1me se, str\u00e1nku st\u00e1le p\u0159ipravujeme.Na t\u00e9to str\u00e1nce pozd\u011bji najdete odpov\u011bdi na Va\u0161e ot\u00e1zky. Jak v aplikaci zru\u0161\u00edm reklamy a jak to funguje?V aplikaci klikn\u011bte na ikonu rolovac\u00edho menu (t\u0159i \u010d\u00e1rky), v zobrazen\u00e9 nab\u00eddce klikn\u011bte na placen\u00e9 slu\u017eby, zakupte si na\u0161\u00ed slu\u017ebu ``Bez reklam.`` Za chv\u00edli si u\u017e m\u016f\u017eete u\u017e\u00edvat na\u0161i aplikaci [...]","protected":false},"author":3,"featured_media":0,"parent":0,"menu_order":0,"comment_status":"closed","ping_status":"closed","template":"template-landing.php","meta":[],"acf":[],"_links":{"self":[{"href":"https:\/\/letjob.net\/cz\/wp-json\/wp\/v2\/pages\/1771"}],"collection":[{"href":"https:\/\/letjob.net\/cz\/wp-json\/wp\/v2\/pages"}],"about":[{"href":"https:\/\/letjob.net\/cz\/wp-json\/wp\/v2\/types\/page"}],"author":[{"embeddable":true,"href":"https:\/\/letjob.net\/cz\/wp-json\/wp\/v2\/users\/3"}],"replies":[{"embeddable":true,"href":"https:\/\/letjob.net\/cz\/wp-json\/wp\/v2\/comments?post=1771"}],"version-history":[{"count":32,"href":"https:\/\/letjob.net\/cz\/wp-json\/wp\/v2\/pages\/1771\/revisions"}],"predecessor-version":[{"id":2210,"href":"https:\/\/letjob.net\/cz\/wp-json\/wp\/v2\/pages\/1771\/revisions\/2210"}],"wp:attachment":[{"href":"https:\/\/letjob.net\/cz\/wp-json\/wp\/v2\/media?parent=1771"}],"curies":[{"name":"wp","href":"https:\/\/api.w.org\/{rel}","templated":true}]}}