{"id":106,"date":"2018-07-04T11:52:15","date_gmt":"2018-07-04T11:52:15","guid":{"rendered":"https:\/\/letjob.net\/?page_id=106"},"modified":"2024-10-28T20:28:22","modified_gmt":"2024-10-28T20:28:22","slug":"about-us","status":"publish","type":"page","link":"https:\/\/letjob.net\/cz\/about-us\/","title":{"rendered":"O n\u00e1s"},"content":{"rendered":"<div data-vc-full-width=\"true\" data-vc-full-width-init=\"false\" data-vc-stretch-content=\"true\" class=\"vc_row wpb_row vc_row-fluid vc_row-no-padding\" style=\"  \"><div class=\"wpb_column vc_column_container vc_col-sm-12\"><div class=\"vc_column-inner \" style=\"\"><div class=\"wpb_wrapper\"><div class=\"banner-area banner-area-69f70f0dabbd3 banner-color-inherit\"><div class=\"banner banner-69f70f0dabbd2 fixed-height\" style=\"height:400px;\"><div class=\"item banner-item-69f70f0dac3fa black center-center mob-center-center\" style=\"background-image: url(https:\/\/letjob.net\/wp-content\/uploads\/2021\/12\/IMG_8736.jpg)\"><div class=\"container\"><div class=\"cell c-center ch-center\"><\/div><\/div><\/div><\/div><\/div><div class=\"vc_empty_space\"   style=\"height: 32px\"><span class=\"vc_empty_space_inner\"><\/span><\/div><\/div><\/div><\/div><\/div><div class=\"vc_row-full-width vc_clearfix\"><\/div><div class=\"vc_row wpb_row vc_row-fluid\" style=\"  \"><div class=\"wpb_column vc_column_container vc_col-sm-2\"><div class=\"vc_column-inner \" style=\"\"><div class=\"wpb_wrapper\"><\/div><\/div><\/div><div class=\"wpb_column vc_column_container vc_col-sm-8\"><div class=\"vc_column-inner \" style=\"\"><div class=\"wpb_wrapper\"><h6 style=\"font-size: 14px;color: #0085da;text-align: center\" class=\"h vc_custom_heading vc_custom_1642273460332 h-weight- tac\" ><span>APLIKACE LetJob<\/span><\/h6><h2 style=\"color: #000000;text-align: center\" class=\"h vc_custom_heading vc_custom_1642273431817 h-weight- tac\" ><span>O n\u00e1s<\/span><\/h2><p style=\"text-align: left\" class=\"h vc_custom_heading h-weight- tal\" ><span>Historie LetJob sah\u00e1 do roku 2016, kde za\u010dal vznikat cel\u00fd n\u00e1pad. Prost\u011b jsem pot\u0159eboval lidi do firmy\/pr\u00e1ce a nebylo tak \u00fapln\u011b kde hledat. LetJob p\u0159in\u00e1\u0161\u00ed \u00fapln\u011b nov\u00fd pohled na nab\u00eddku a popt\u00e1vku pr\u00e1ce ve Va\u0161em okol\u00ed. Je kompletn\u011b tvo\u0159ena u\u017eivateli a m\u016f\u017ee fungovat po cel\u00e9m sv\u011bt\u011b. Na\u0161el jsem skv\u011bl\u00e9ho program\u00e1tora a postupn\u011b jsme na tom za\u010dali pracovat. Po p\u00e1r letech jsme dali dohromady LetJob jak ho zn\u00e1te dnes a jak\u00fd si m\u016f\u017eete st\u00e1hnout  a pou\u017e\u00edvat. V\u0161em na\u0161im u\u017eivatel\u016fm a inzerent\u016fm p\u0159ejeme hodn\u011b \u00fasp\u011b\u0161n\u011b propojen\u00ed s lidmi co V\u00e1m pom\u016f\u017eou dostat V\u00e1s d\u00e1l a z\u00edskat to co pot\u0159ebujete.<\/span><\/p><\/div><\/div><\/div><div class=\"wpb_column vc_column_container vc_col-sm-2\"><div class=\"vc_column-inner \" style=\"\"><div class=\"wpb_wrapper\"><\/div><\/div><\/div><\/div><div class=\"vc_row wpb_row vc_row-fluid\" style=\"  \"><div class=\"wpb_column vc_column_container vc_col-sm-2\"><div class=\"vc_column-inner \" style=\"\"><div class=\"wpb_wrapper\"><\/div><\/div><\/div><div class=\"wpb_column vc_column_container vc_col-sm-8\"><div class=\"vc_column-inner \" style=\"\"><div class=\"wpb_wrapper\"><div class=\"vc_empty_space\"   style=\"height: 32px\"><span class=\"vc_empty_space_inner\"><\/span><\/div><div class=\"vc_row wpb_row vc_inner vc_row-fluid\" style=\"  \"><div class=\"wpb_column vc_column_container vc_col-sm-6\"><div class=\"vc_column-inner\"><div class=\"wpb_wrapper\"><p style=\"text-align: left\" class=\"h vc_custom_heading h-weight- tal\" ><span>P\u0159eji V\u00e1m v\u0161em zdrav\u00ed, \u00fasp\u011bch a \u0161t\u011bst\u00ed!<\/span><\/p><p style=\"text-align: left\" class=\"h vc_custom_heading h-weight- tal\" ><span>S pozdravem<\/span><\/p><div class=\"vc_empty_space\"   style=\"height: 32px\"><span class=\"vc_empty_space_inner\"><\/span><\/div><\/div><\/div><\/div><div class=\"wpb_column vc_column_container vc_col-sm-6\"><div class=\"vc_column-inner\"><div class=\"wpb_wrapper\"><h4 style=\"text-align: right\" class=\"h vc_custom_heading h-weight- tar\" ><span>Zden\u011bk Skopal<\/span><\/h4><h6 style=\"text-align: right\" class=\"h vc_custom_heading h-weight- tar\" ><span>Zakladatel LetJob<\/span><\/h6><div class=\"vc_empty_space\"   style=\"height: 32px\"><span class=\"vc_empty_space_inner\"><\/span><\/div><\/div><\/div><\/div><\/div><\/div><\/div><\/div><div class=\"wpb_column vc_column_container vc_col-sm-2\"><div class=\"vc_column-inner \" style=\"\"><div class=\"wpb_wrapper\"><\/div><\/div><\/div><\/div><div class=\"vc_row wpb_row vc_row-fluid vc_custom_1534507618492 vc_row-o-equal-height vc_row-flex\" style=\"  \"><div class=\"wpb_column vc_column_container vc_col-sm-12\"><div class=\"vc_column-inner \" style=\"\"><div class=\"wpb_wrapper\"><div class=\"vc_separator wpb_content_element vc_separator_align_center vc_sep_width_100 vc_sep_border_width_2 vc_sep_pos_align_center vc_separator_no_text vc_sep_color_grey\" ><span class=\"vc_sep_holder vc_sep_holder_l\"><span  class=\"vc_sep_line\"><\/span><\/span><span class=\"vc_sep_holder vc_sep_holder_r\"><span  class=\"vc_sep_line\"><\/span><\/span>\n<\/div><h6 style=\"font-size: 14px;color: #0085da;text-align: center\" class=\"h vc_custom_heading vc_custom_1640750883025 uppercase h-weight-700 tac\" ><span>P\u0159edstavujeme V\u00e1m<\/span><\/h6><h2 style=\"color: #000000;text-align: center\" class=\"h vc_custom_heading vc_custom_1640687901667 h-weight-700 tac\" ><span>N\u00e1\u0161 Team<\/span><\/h2>\n\t<div class=\"wpb_text_column wpb_content_element  text-block-align-left\"  style=\"\">\n\t\t<div class=\"wpb_wrapper\">\n\t\t\t\n\t\t<\/div>\n\t<\/div>\n<\/div><\/div><\/div><\/div><div class=\"vc_row wpb_row vc_row-fluid\" style=\"  \"><div class=\"wpb_column vc_column_container vc_col-sm-3\"><div class=\"vc_column-inner \" style=\"\"><div class=\"wpb_wrapper\"><h6 style=\"color: #000000;text-align: center\" class=\"h vc_custom_heading h-weight- tac\" ><span>Zakladatel<\/span><\/h6><h4 style=\"text-align: center\" class=\"h vc_custom_heading h-weight- tac\" ><span>Zden\u011bk Skopal<\/span><\/h4><\/div><\/div><\/div><div class=\"wpb_column vc_column_container vc_col-sm-3\"><div class=\"vc_column-inner \" style=\"\"><div class=\"wpb_wrapper\"><h6 style=\"color: #000000;text-align: center\" class=\"h vc_custom_heading h-weight- tac\" ><span>Program\u00e1tor<\/span><\/h6><h4 style=\"text-align: center\" class=\"h vc_custom_heading h-weight- tac\" ><span>Jakub Forman<\/span><\/h4><\/div><\/div><\/div><\/div><div class=\"vc_row wpb_row vc_row-fluid\" style=\"  \"><div class=\"wpb_column vc_column_container vc_col-sm-12\"><div class=\"vc_column-inner \" style=\"\"><div class=\"wpb_wrapper\"><div class=\"vc_empty_space\"   style=\"height: 32px\"><span class=\"vc_empty_space_inner\"><\/span><\/div><div class=\"vc_empty_space\"   style=\"height: 32px\"><span class=\"vc_empty_space_inner\"><\/span><\/div><\/div><\/div><\/div><\/div>\n","protected":false},"excerpt":{"rendered":"APLIKACE LetJobO n\u00e1sHistorie LetJob sah\u00e1 do roku 2016, kde za\u010dal vznikat cel\u00fd n\u00e1pad. Prost\u011b jsem pot\u0159eboval lidi do firmy\/pr\u00e1ce a nebylo tak \u00fapln\u011b kde hledat. LetJob p\u0159in\u00e1\u0161\u00ed \u00fapln\u011b nov\u00fd pohled na nab\u00eddku a popt\u00e1vku pr\u00e1ce ve Va\u0161em okol\u00ed. Je kompletn\u011b tvo\u0159ena u\u017eivateli a m\u016f\u017ee fungovat po cel\u00e9m sv\u011bt\u011b. Na\u0161el jsem skv\u011bl\u00e9ho program\u00e1tora a postupn\u011b jsme [...]","protected":false},"author":1,"featured_media":0,"parent":0,"menu_order":0,"comment_status":"closed","ping_status":"closed","template":"template-landing.php","meta":[],"acf":[],"_links":{"self":[{"href":"https:\/\/letjob.net\/cz\/wp-json\/wp\/v2\/pages\/106"}],"collection":[{"href":"https:\/\/letjob.net\/cz\/wp-json\/wp\/v2\/pages"}],"about":[{"href":"https:\/\/letjob.net\/cz\/wp-json\/wp\/v2\/types\/page"}],"author":[{"embeddable":true,"href":"https:\/\/letjob.net\/cz\/wp-json\/wp\/v2\/users\/1"}],"replies":[{"embeddable":true,"href":"https:\/\/letjob.net\/cz\/wp-json\/wp\/v2\/comments?post=106"}],"version-history":[{"count":82,"href":"https:\/\/letjob.net\/cz\/wp-json\/wp\/v2\/pages\/106\/revisions"}],"predecessor-version":[{"id":2353,"href":"https:\/\/letjob.net\/cz\/wp-json\/wp\/v2\/pages\/106\/revisions\/2353"}],"wp:attachment":[{"href":"https:\/\/letjob.net\/cz\/wp-json\/wp\/v2\/media?parent=106"}],"curies":[{"name":"wp","href":"https:\/\/api.w.org\/{rel}","templated":true}]}}